{"id":3808,"date":"2023-12-11T11:15:57","date_gmt":"2023-12-11T14:15:57","guid":{"rendered":"http:\/\/envestbitcoin.com\/comprar\/?post_type=product&#038;p=3808"},"modified":"2026-04-26T21:24:32","modified_gmt":"2026-04-27T00:24:32","slug":"bitcoin","status":"publish","type":"product","link":"https:\/\/dogecoinbrasil.com.br\/exchange\/product\/bitcoin\/","title":{"rendered":"Bitcoin"},"content":{"rendered":"<p>Sobre Bitcoin<\/p>\n<p><strong>O Que \u00c9 Bitcoin (BTC)?<\/strong><br \/>\nBitcoin \u00e9 uma criptomoeda descentralizada originalmente descrita em 2008 em seu whitepaper por uma pessoa, ou grupo de pessoas, usando o pseud\u00f4nimo Satoshi Nakamoto. Foi lan\u00e7ado um pouco depois, em janeiro de 2009.<\/p>\n<p>O Bitcoin \u00e9 uma moeda digital ponto a ponto, o que significa que toda transa\u00e7\u00e3o ocorre diretamente entre as partes iguais e independentes, sem a necessidade de nenhum intermedi\u00e1rio para permitir ou facilitar. O Bitcoin foi criado, de acordo com as pr\u00f3prias palavras do Nakamoto, para permitir que \u201cpagamentos online sejam enviados diretamente de uma parte para a outra, sem passar por uma institui\u00e7\u00e3o financeira\u201d.<\/p>\n<p>Alguns conceitos para um tipo semelhante de moeda eletr\u00f4nica descentralizada precedem o BTC, mas o Bitcoin possui o diferencial de ser a primeira criptomoeda a realmente entrar em uso.<\/p>\n<p><strong>Quem S\u00e3o os Fundadores do Bitcoin?<\/strong><br \/>\nO criador inicial do Bitcoin \u00e9 conhecido por seu pseud\u00f4nimo, Satoshi Nakamoto. At\u00e9 o momento, em 2020, sua identidade verdadeira como pessoa \u2014 ou organiza\u00e7\u00e3o \u2014 permanece desconhecida.<\/p>\n<p>Em 31 de outubro de 2008, Nakamoto publicou o whitepaper do Bitcoin, que descreveu em detalhes como uma moeda digital ponto a ponto poderia ser implementada. Foi proposta a utilizada de um livro raz\u00e3o descentralizado embalado em lotes para as transa\u00e7\u00f5es (chamados de \u201cblocos\u201d) e protegidos por um algoritmo criptografado \u2014 o sistema inteiro posteriormente foi chamado de \u201cblockchain.\u201d<\/p>\n<p>Em 2 de janeiro de 2009, apenas dois meses depois, Nakamoto minerou o primeiro bloco na rede do Bitcoin, conhecido como o bloco g\u00eanesis, lan\u00e7ando ao mundo a primeira criptomoeda.<\/p>\n<p>No entanto, mesmo sendo Nakamoto o inventor real do Bitcoin, assim como o autor da sua primeira implementa\u00e7\u00e3o, no passar dos anos um grande n\u00famero de pessoas contribuiu para melhorar o software da criptomoeda, arrumando vulnerabilidades e adicionando novas ferramentas.<\/p>\n<p>O reposit\u00f3rio do c\u00f3digo fonte do Bitcoin no GitHub lista mais de 750 contribui\u00e7\u00f5es, com algumas das mais importantes sendo realizadas por Wladimir J. van der Laan, Marco Falke, Pieter Wuille, Gavin Andresen, Jonas Schnelli e outros.<\/p>\n<p><strong>O Que Torna o Bitcoin \u00danico?<\/strong><br \/>\nA vantagem mais original do Bitcoin \u00e9 o fato de ser a primeira criptomoeda a aparecer no mercado.<\/p>\n<p>Criou-se toda uma comunidade global e gerou toda uma nova ind\u00fastria de milh\u00f5es de entusiastas que criam, investem e transacionam Bitcoin e outras criptomoedas no seu dia a dia. O nascimento da primeira criptomoeda construiu uma base conceitual e t\u00e9cnica que inspirou o desenvolvimento de milhares de outros projetos concorrentes.<\/p>\n<p>Todo o mercado de criptomoedas \u2014 valendo atualmente mais de U$300 bilh\u00f5es \u2014 \u00e9 baseado na ideia apresentada pelo Bitcoin: dinheiro que pode ser enviado e recebido por qualquer um, em qualquer lugar no mundo, sem depender de intermedi\u00e1rios de confian\u00e7a, como bancos e empresas de servi\u00e7os financeiros.<\/p>\n<p>Gra\u00e7as a sua natureza pioneira, o BTC permanece no topo deste mercado en\u00e9rgico, ap\u00f3s mais de uma d\u00e9cada de exist\u00eancia. Mesmo ap\u00f3s o Bitcoin perder sua domin\u00e2ncia indisput\u00e1vel, ele segue sendo a maior criptomoeda, com uma capitaliza\u00e7\u00e3o de mercado que pode variar entre U$100 e U$200 bilh\u00f5es em 2020. Isso se deve em grande parte \u00e0s diversas plataformas que fornecem casos de uso para o BTC, como: carteiras, corretoras, servi\u00e7os de pagamento, jogos online e muito mais.<\/p>\n<p><strong>Quantos Bitcoin H\u00e1 em Circula\u00e7\u00e3o?<\/strong><br \/>\nO fornecimento total do Bitcoin \u00e9 limitado por seu software e nunca ir\u00e1 ultrapassar 21.000.000 de moedas. Novas moedas s\u00e3o criadas durante o processo conhecido como \u201cminera\u00e7\u00e3o\u201d: conforme transa\u00e7\u00f5es s\u00e3o realizadas dentro da rede, elas s\u00e3o escolhidas pelos mineradores e registradas nos blocos, sendo ent\u00e3o protegidos por um complexo c\u00e1lculo criptografado.<\/p>\n<p>Como recompensa por gastarem seu recurso computacional, os mineradores recebem recompensas para cada bloco que eles adicionam no blockchain. No momento do lan\u00e7amento do Bitcoin, a recompensa era de 50 bitcoins por bloco: este n\u00famero sofre um halving a cada 210.000 novos blocos minerados \u2014 o que em m\u00e9dia demora na rede quatro anos. Considerando 2020, a recompensa por bloco j\u00e1 passou por tr\u00eas halving, sendo o valor atual de 6,25 bitcoins.<\/p>\n<p>O Bitcoin n\u00e3o passou por minera\u00e7\u00e3o pr\u00e9via, o que significa que nenhuma moeda foi minerada e\/ou distribu\u00edda entre os fundadores antes de se tornar dispon\u00edvel ao p\u00fablico. No entanto, durante os primeiros anos de exist\u00eancia do BTC, a competi\u00e7\u00e3o entre os mineradores era relativamente baixa, permitindo que os participantes iniciais da rede acumulassem uma quantidade relevante de moedas atrav\u00e9s da pr\u00f3pria minera\u00e7\u00e3o: acredita-se que o pr\u00f3prio Satoshi Nakamoto possua sozinho mais de um milh\u00e3o de Bitcoins.<\/p>\n<p><strong>Como a Rede do Bitcoin \u00c9 Assegurada?<\/strong><br \/>\nO Bitcoin \u00e9 protegido pelo algoritmo SHA-256, que pertence \u00e0 fam\u00edlia SHA-2 de algoritmos hashing, que tamb\u00e9m \u00e9 usado pelo seu fork, o Bitcoin Cash (BCH), assim como diversas outras criptomoedas.<\/p>\n<p>&nbsp;<\/p>\n","protected":false},"excerpt":{"rendered":"<p>Sobre Bitcoin O Que \u00c9 Bitcoin (BTC)? Bitcoin \u00e9 uma criptomoeda descentralizada originalmente descrita em 2008 em seu whitepaper por uma pessoa, ou grupo de pessoas, usando o pseud\u00f4nimo Satoshi Nakamoto. Foi lan\u00e7ado um pouco depois, em janeiro de 2009. O Bitcoin \u00e9 uma moeda digital ponto a ponto, o que significa que toda transa\u00e7\u00e3o [&hellip;]<\/p>\n","protected":false},"featured_media":3809,"comment_status":"open","ping_status":"closed","template":"","meta":[],"product_brand":[],"product_cat":[195],"product_tag":[],"class_list":{"0":"post-3808","1":"product","2":"type-product","3":"status-publish","4":"has-post-thumbnail","6":"product_cat-bitcoin","8":"first","9":"instock","10":"shipping-taxable","11":"purchasable","12":"product-type-variable"},"_links":{"self":[{"href":"https:\/\/dogecoinbrasil.com.br\/exchange\/wp-json\/wp\/v2\/product\/3808","targetHints":{"allow":["GET"]}}],"collection":[{"href":"https:\/\/dogecoinbrasil.com.br\/exchange\/wp-json\/wp\/v2\/product"}],"about":[{"href":"https:\/\/dogecoinbrasil.com.br\/exchange\/wp-json\/wp\/v2\/types\/product"}],"replies":[{"embeddable":true,"href":"https:\/\/dogecoinbrasil.com.br\/exchange\/wp-json\/wp\/v2\/comments?post=3808"}],"wp:featuredmedia":[{"embeddable":true,"href":"https:\/\/dogecoinbrasil.com.br\/exchange\/wp-json\/wp\/v2\/media\/3809"}],"wp:attachment":[{"href":"https:\/\/dogecoinbrasil.com.br\/exchange\/wp-json\/wp\/v2\/media?parent=3808"}],"wp:term":[{"taxonomy":"product_brand","embeddable":true,"href":"https:\/\/dogecoinbrasil.com.br\/exchange\/wp-json\/wp\/v2\/product_brand?post=3808"},{"taxonomy":"product_cat","embeddable":true,"href":"https:\/\/dogecoinbrasil.com.br\/exchange\/wp-json\/wp\/v2\/product_cat?post=3808"},{"taxonomy":"product_tag","embeddable":true,"href":"https:\/\/dogecoinbrasil.com.br\/exchange\/wp-json\/wp\/v2\/product_tag?post=3808"}],"curies":[{"name":"wp","href":"https:\/\/api.w.org\/{rel}","templated":true}]}}