{"id":3807,"date":"2023-12-11T11:05:58","date_gmt":"2023-12-11T14:05:58","guid":{"rendered":"http:\/\/envestbitcoin.com\/comprar\/?post_type=product&#038;p=3807"},"modified":"2026-04-26T21:24:14","modified_gmt":"2026-04-27T00:24:14","slug":"monero","status":"publish","type":"product","link":"https:\/\/dogecoinbrasil.com.br\/exchange\/product\/monero\/","title":{"rendered":"Monero"},"content":{"rendered":"<div class=\"sc-f70bb44c-0 sc-c220e8d4-0 cLffrm\">\n<p>Sobre Monero<\/p>\n<p><strong>O Que \u00c9 Monero (XMR)?<\/strong><br \/>\nMonero foi lan\u00e7ado em 2014, e seu objetivo \u00e9 simples: permitir que as transa\u00e7\u00f5es ocorram de forma privada e an\u00f4nima. Mesmo o senso comum acreditando que o BTC pode ocultar a identidade de uma pessoa, normalmente \u00e9 f\u00e1cil rastrear o pagamento para sua fonte de origem, uma vez que os blockchains s\u00e3o transparentes. Por outro lado, o XMR foi projetado para ocultar os remetentes e destinat\u00e1rios atrav\u00e9s do uso de criptografia avan\u00e7ada.<\/p>\n<p>A equipe do Monero diz que privacidade e seguran\u00e7a s\u00e3o suas maiores prioridades, com facilidade no uso e efici\u00eancia vindo em segundo. Seu objetivo \u00e9 fornecer prote\u00e7\u00e3o para todos os usu\u00e1rios \u2014 independentemente de seu conhecimento de tecnologia.<\/p>\n<p>No geral, o objetivo do XMR \u00e9 permitir que os pagamentos sejam realizados de forma r\u00e1pida e barata sem medo de censura.<\/p>\n<p><strong>Quem S\u00e3o os Fundadores do Monero?<\/strong><br \/>\nInicialmente, sete desenvolvedores estavam envolvidos na cria\u00e7\u00e3o do Monero \u2014 sendo que cinco deles decidiram permanecer an\u00f4nimos. H\u00e1 rumores de que o XMR tamb\u00e9m foi inventado pelo Satoshi Nakamoto, o inventor do Bitcoin.<\/p>\n<p>As origens do XMR podem ser rastreadas at\u00e9 o Bytecoin, uma criptomoeda descentralizada focada em privacidade que foi lan\u00e7ada em 2012. Dois anos depois, um membro do f\u00f3rum Bitcointalk \u2014 conhecido apenas como thankfulfortoday \u2014 realizou o fork do c\u00f3digo base do BCN e o Monero foi criado. Eles sugeriram \u201cmudan\u00e7as controversas\u201d para o Bytecoin que outros na comunidade discordaram e decidiram resolver isso diretamente.<\/p>\n<p>Acredita-se que centenas de desenvolvedores contribu\u00edram para o XMR ao longo dos anos.<\/p>\n<p><strong>O Que Torna Monero \u00danico?<\/strong><br \/>\nH\u00e1 v\u00e1rias coisas que tornam o Monero \u00fanico. Um dos maiores objetivos do projeto \u00e9 alcan\u00e7ar o maior n\u00edvel de descentraliza\u00e7\u00e3o poss\u00edvel, o que significa que o usu\u00e1rio n\u00e3o precisa confiar em ningu\u00e9m na rede.<\/p>\n<p>A privacidade \u00e9 alcan\u00e7ada atrav\u00e9s de algumas ferramentas distintas. Considerando que cada Bitcoin em circula\u00e7\u00e3o possui seu pr\u00f3prio n\u00famero de s\u00e9rie, o que significa que o uso da criptomoeda pode ser monitorado, XMR \u00e9 completamente fung\u00edvel. Por padr\u00e3o, detalhes sobre o remetente, destinat\u00e1rio e o valor da criptomoeda transferida s\u00e3o ocultos \u2014 e os defensores do Monero dizem que isso oferece uma vantagem sobre as moedas de privacidade rivais, como o Zcash, que s\u00e3o \u201cseletivamente transparentes.\u201d<\/p>\n<p>A ofusca\u00e7\u00e3o \u00e9 realizada por meio do uso de assinaturas em anel. Neste caso, as transa\u00e7\u00f5es passadas s\u00e3o destacadas e escolhidas do blockchain e atuam como distra\u00e7\u00f5es, o que significa que os observadores n\u00e3o conseguem determinar quem assinou. Se o Ian estiver enviando 200 XMR para Susan, este montante tamb\u00e9m pode ser dividido em peda\u00e7os aleat\u00f3rios para adicionar mais um n\u00edvel de dificuldade.<\/p>\n<p>Para garantir que as transa\u00e7\u00f5es n\u00e3o ser\u00e3o vinculadas entre si, endere\u00e7os privados s\u00e3o criados para cada uma das transa\u00e7\u00f5es e s\u00e3o usados apenas uma vez.<\/p>\n<p>Todas essas caracter\u00edsticas distintas levaram o XMR a ser usado cada vez mais para transa\u00e7\u00f5es il\u00edcitas, no lugar do Bitcoin \u2014 especialmente no mercado da darknet. Governos em todo o mundo, especialmente nos EUA, ofereceram centenas de milhares de d\u00f3lares para qualquer um que quebrar o c\u00f3digo do Monero.<\/p>\n<p><strong>Quantas Moedas Monero (XMR) H\u00e1 em Circula\u00e7\u00e3o?<\/strong><br \/>\nO Monero \u00e9 um pouco diferente, j\u00e1 que n\u00e3o houve venda de tokens XMR \u2014 e nenhum token foi previamente minerado. No momento da elabora\u00e7\u00e3o deste artigo, o suprimento em circula\u00e7\u00e3o de XMR \u00e9 de 17.703.471.<\/p>\n<p>Esta criptomoeda foi projetada para ser resistente a circuitos integrados de aplica\u00e7\u00e3o espec\u00edfica, que s\u00e3o normalmente usados para minerar novos Bitcoins. Em teoria, isso significa que pode ser poss\u00edvel minerar XMR usando um computador comum.<\/p>\n<p>No geral, haver\u00e1 eventualmente um total de 18.4 milh\u00f5es de XMR em circula\u00e7\u00e3o \u2014 e \u00e9 esperado que se atinja esse m\u00e1ximo em 31 de maio de 2022. Ap\u00f3s, os mineradores ser\u00e3o incentivados atrav\u00e9s de \u201cemiss\u00f5es de cauda&#8221;, com uma pequena quantidade de XMR sendo enviada ao sistema a cada 60 segundos como recompensa. Acredita-se que esta abordagem seja mais eficaz do que depender de taxas de transa\u00e7\u00e3o.<\/p>\n<p><strong>Como a Rede Monero \u00c9 Assegurada?<\/strong><br \/>\nUm dos principais objetivos do Monero \u00e9 evitar a centraliza\u00e7\u00e3o \u2014 e esta rede utiliza o mecanismo de consenso chamado CryptoNight, baseado em proof-of-work. Isso evita que grandes farms de minera\u00e7\u00e3o se tornem uma for\u00e7a dominante.<\/p>\n<p><strong>Onde Voc\u00ea Pode Comprar Monero (XMR)?<\/strong><br \/>\nPor causa da sua natureza como uma moeda de privacidade, o XMR n\u00e3o \u00e9 listado em algumas das maiores corretoras. Por exemplo, mesmo voc\u00ea conseguindo comprar XMR na Binance, ele n\u00e3o \u00e9 suportado na Coinbase. Dessa forma, voc\u00ea pode precisar converter sua moeda fiat em Bitcoin e ir para plataformas menores de transa\u00e7\u00e3o.<\/p>\n<\/div>\n","protected":false},"excerpt":{"rendered":"<p>Sobre Monero O Que \u00c9 Monero (XMR)? Monero foi lan\u00e7ado em 2014, e seu objetivo \u00e9 simples: permitir que as transa\u00e7\u00f5es ocorram de forma privada e an\u00f4nima. Mesmo o senso comum acreditando que o BTC pode ocultar a identidade de uma pessoa, normalmente \u00e9 f\u00e1cil rastrear o pagamento para sua fonte de origem, uma vez [&hellip;]<\/p>\n","protected":false},"featured_media":3806,"comment_status":"open","ping_status":"closed","template":"","meta":[],"product_brand":[],"product_cat":[194],"product_tag":[],"class_list":{"0":"post-3807","1":"product","2":"type-product","3":"status-publish","4":"has-post-thumbnail","6":"product_cat-monero","8":"first","9":"instock","10":"shipping-taxable","11":"purchasable","12":"product-type-variable"},"_links":{"self":[{"href":"https:\/\/dogecoinbrasil.com.br\/exchange\/wp-json\/wp\/v2\/product\/3807","targetHints":{"allow":["GET"]}}],"collection":[{"href":"https:\/\/dogecoinbrasil.com.br\/exchange\/wp-json\/wp\/v2\/product"}],"about":[{"href":"https:\/\/dogecoinbrasil.com.br\/exchange\/wp-json\/wp\/v2\/types\/product"}],"replies":[{"embeddable":true,"href":"https:\/\/dogecoinbrasil.com.br\/exchange\/wp-json\/wp\/v2\/comments?post=3807"}],"wp:featuredmedia":[{"embeddable":true,"href":"https:\/\/dogecoinbrasil.com.br\/exchange\/wp-json\/wp\/v2\/media\/3806"}],"wp:attachment":[{"href":"https:\/\/dogecoinbrasil.com.br\/exchange\/wp-json\/wp\/v2\/media?parent=3807"}],"wp:term":[{"taxonomy":"product_brand","embeddable":true,"href":"https:\/\/dogecoinbrasil.com.br\/exchange\/wp-json\/wp\/v2\/product_brand?post=3807"},{"taxonomy":"product_cat","embeddable":true,"href":"https:\/\/dogecoinbrasil.com.br\/exchange\/wp-json\/wp\/v2\/product_cat?post=3807"},{"taxonomy":"product_tag","embeddable":true,"href":"https:\/\/dogecoinbrasil.com.br\/exchange\/wp-json\/wp\/v2\/product_tag?post=3807"}],"curies":[{"name":"wp","href":"https:\/\/api.w.org\/{rel}","templated":true}]}}