{"id":3889,"date":"2023-12-12T10:22:17","date_gmt":"2023-12-12T13:22:17","guid":{"rendered":"http:\/\/envestbitcoin.com\/comprar\/?page_id=3889"},"modified":"2026-04-28T10:05:09","modified_gmt":"2026-04-28T13:05:09","slug":"cadastro-parceiro","status":"publish","type":"page","link":"https:\/\/dogecoinbrasil.com.br\/exchange\/cadastro-parceiro\/","title":{"rendered":"Cadastro Parceiro"},"content":{"rendered":"\t\t<div data-elementor-type=\"wp-page\" data-elementor-id=\"3889\" class=\"elementor elementor-3889\">\n\t\t\t\t\t\t\t<div class=\"elementor-element elementor-element-16556e6 e-flex e-con-boxed e-con e-parent\" data-id=\"16556e6\" data-element_type=\"container\" data-settings=\"{&quot;content_width&quot;:&quot;boxed&quot;}\" data-core-v316-plus=\"true\">\n\t\t\t\t\t<div class=\"e-con-inner\">\n\t\t\t\t<div class=\"elementor-element elementor-element-25ae4d4 elementor-widget elementor-widget-image\" data-id=\"25ae4d4\" data-element_type=\"widget\" data-widget_type=\"image.default\">\n\t\t\t\t<div class=\"elementor-widget-container\">\n\t\t\t<style>\/*! elementor - v3.18.0 - 08-12-2023 *\/\n.elementor-widget-image{text-align:center}.elementor-widget-image a{display:inline-block}.elementor-widget-image a img[src$=\".svg\"]{width:48px}.elementor-widget-image img{vertical-align:middle;display:inline-block}<\/style>\t\t\t\t\t\t\t\t\t\t\t\t<img decoding=\"async\" width=\"300\" height=\"50\" src=\"https:\/\/dogecoinbrasil.com.br\/exchange\/wp-content\/uploads\/2023\/12\/Copy-of-login-parceiro.png\" class=\"attachment-large size-large wp-image-3884\" alt=\"\" srcset=\"https:\/\/dogecoinbrasil.com.br\/exchange\/wp-content\/uploads\/2023\/12\/Copy-of-login-parceiro.png 300w, https:\/\/dogecoinbrasil.com.br\/exchange\/wp-content\/uploads\/2023\/12\/Copy-of-login-parceiro-210x35.png 210w, https:\/\/dogecoinbrasil.com.br\/exchange\/wp-content\/uploads\/2023\/12\/Copy-of-login-parceiro-150x25.png 150w\" sizes=\"(max-width: 300px) 100vw, 300px\" \/>\t\t\t\t\t\t\t\t\t\t\t\t\t\t\t<\/div>\n\t\t\t\t<\/div>\n\t\t\t\t<div class=\"elementor-element elementor-element-3f2e44f elementor-widget elementor-widget-text-editor\" data-id=\"3f2e44f\" data-element_type=\"widget\" data-widget_type=\"text-editor.default\">\n\t\t\t\t<div class=\"elementor-widget-container\">\n\t\t\t<style>\/*! elementor - v3.18.0 - 08-12-2023 *\/\n.elementor-widget-text-editor.elementor-drop-cap-view-stacked .elementor-drop-cap{background-color:#69727d;color:#fff}.elementor-widget-text-editor.elementor-drop-cap-view-framed .elementor-drop-cap{color:#69727d;border:3px solid;background-color:transparent}.elementor-widget-text-editor:not(.elementor-drop-cap-view-default) .elementor-drop-cap{margin-top:8px}.elementor-widget-text-editor:not(.elementor-drop-cap-view-default) .elementor-drop-cap-letter{width:1em;height:1em}.elementor-widget-text-editor .elementor-drop-cap{float:left;text-align:center;line-height:1;font-size:50px}.elementor-widget-text-editor .elementor-drop-cap-letter{display:inline-block}<\/style>\t\t\t\t<p><br \/><b>Processo de Credenciamento para Parceiros Comerciais<\/b><\/p><p>Prezado(a) Parceiro(a).<\/p><p>Esperamos que esta mensagem o encontre bem. Estamos entusiasmados com o interesse de sua empresa em se tornar um parceiro comercial da Doge Coin Brasil . Para iniciar o processo de credenciamento, solicitamos que siga os passos abaixo:<\/p><p><strong>Passo 1:<\/strong><\/p><p>Envie um e-mail para contato@dogecoinbrasil.com.br, de prefer\u00eancia partindo de um e-mail @gmail.com, fornecendo as seguintes informa\u00e7\u00f5es:<\/p><p>1 &#8211; Nome da Indica\u00e7\u00e3o (caso tenha sido indicado(a))<br \/>2 &#8211; N\u00famero CNPJ (MEI)<br \/>3 &#8211; Cidade de Resid\u00eancia:<br \/>4 &#8211; Disponibilidade de Hor\u00e1rio em Dias \u00dateis:<\/p><p>Nossos especialistas analisar\u00e3o cuidadosamente suas informa\u00e7\u00f5es e garantem uma resposta em at\u00e9 48 horas \u00fateis. Agradecemos desde j\u00e1 o seu interesse em estabelecer uma parceria conosco.<\/p><p>Certifique-se de aguardar nossa verifica\u00e7\u00e3o dentro do prazo mencionado. Estamos ansiosos para potencializar uma colabora\u00e7\u00e3o bem-sucedida.<\/p><p>Atenciosamente,<\/p><p>Equipe Doge Coin Brasil<\/p>\t\t\t\t\t\t<\/div>\n\t\t\t\t<\/div>\n\t\t\t\t\t<\/div>\n\t\t\t\t<\/div>\n\t\t\t\t\t\t\t<\/div>\n\t\t","protected":false},"excerpt":{"rendered":"<p>Processo de Credenciamento para Parceiros Comerciais Prezado(a) Parceiro(a). Esperamos que esta mensagem o encontre bem. Estamos entusiasmados com o interesse de sua empresa em se tornar um parceiro comercial da Doge Coin Brasil . Para iniciar o processo de credenciamento, solicitamos que siga os passos abaixo: Passo 1: Envie um e-mail para contato@dogecoinbrasil.com.br, de prefer\u00eancia [&hellip;]<\/p>\n","protected":false},"author":1,"featured_media":0,"parent":0,"menu_order":0,"comment_status":"closed","ping_status":"closed","template":"","meta":{"footnotes":""},"class_list":["post-3889","page","type-page","status-publish","hentry"],"_links":{"self":[{"href":"https:\/\/dogecoinbrasil.com.br\/exchange\/wp-json\/wp\/v2\/pages\/3889","targetHints":{"allow":["GET"]}}],"collection":[{"href":"https:\/\/dogecoinbrasil.com.br\/exchange\/wp-json\/wp\/v2\/pages"}],"about":[{"href":"https:\/\/dogecoinbrasil.com.br\/exchange\/wp-json\/wp\/v2\/types\/page"}],"author":[{"embeddable":true,"href":"https:\/\/dogecoinbrasil.com.br\/exchange\/wp-json\/wp\/v2\/users\/1"}],"replies":[{"embeddable":true,"href":"https:\/\/dogecoinbrasil.com.br\/exchange\/wp-json\/wp\/v2\/comments?post=3889"}],"version-history":[{"count":19,"href":"https:\/\/dogecoinbrasil.com.br\/exchange\/wp-json\/wp\/v2\/pages\/3889\/revisions"}],"predecessor-version":[{"id":4278,"href":"https:\/\/dogecoinbrasil.com.br\/exchange\/wp-json\/wp\/v2\/pages\/3889\/revisions\/4278"}],"wp:attachment":[{"href":"https:\/\/dogecoinbrasil.com.br\/exchange\/wp-json\/wp\/v2\/media?parent=3889"}],"curies":[{"name":"wp","href":"https:\/\/api.w.org\/{rel}","templated":true}]}}